{"id":281,"date":"2025-06-18T19:51:33","date_gmt":"2025-06-18T17:51:33","guid":{"rendered":"https:\/\/vrouwenbelangen.nl\/?page_id=281"},"modified":"2025-06-18T19:51:33","modified_gmt":"2025-06-18T17:51:33","slug":"actueel","status":"publish","type":"page","link":"https:\/\/vrouwenbelangen.nl\/?page_id=281","title":{"rendered":"Actueel"},"content":{"rendered":"\n<figure class=\"wp-block-image size-large\"><img loading=\"lazy\" decoding=\"async\" width=\"930\" height=\"1024\" src=\"https:\/\/vrouwenbelangen.nl\/wp-content\/uploads\/2025\/06\/Input-van-Vrouwenorganisaties-op-emancipatienota-2022-2025-pag-12-van-de-nota-930x1024.jpg\" alt=\"\" class=\"wp-image-282\" srcset=\"https:\/\/vrouwenbelangen.nl\/wp-content\/uploads\/2025\/06\/Input-van-Vrouwenorganisaties-op-emancipatienota-2022-2025-pag-12-van-de-nota-930x1024.jpg 930w, https:\/\/vrouwenbelangen.nl\/wp-content\/uploads\/2025\/06\/Input-van-Vrouwenorganisaties-op-emancipatienota-2022-2025-pag-12-van-de-nota-272x300.jpg 272w, https:\/\/vrouwenbelangen.nl\/wp-content\/uploads\/2025\/06\/Input-van-Vrouwenorganisaties-op-emancipatienota-2022-2025-pag-12-van-de-nota-768x846.jpg 768w, https:\/\/vrouwenbelangen.nl\/wp-content\/uploads\/2025\/06\/Input-van-Vrouwenorganisaties-op-emancipatienota-2022-2025-pag-12-van-de-nota.jpg 948w\" sizes=\"auto, (max-width: 930px) 100vw, 930px\" \/><figcaption class=\"wp-element-caption\">Image: pagina 12 van de emanciaptie nota 2022-2025 \u2013 Robert Dijkgraaf<\/figcaption><\/figure>\n\n\n\n<p><strong>Het kabinet is gevallen.<\/strong><br>Op mijn verjaardag 3 juni 2025. Een wat curieus cadeau.<br>Die val maakt de bewindvoerders demisionair, een toestand waarin volgens de parlementaire regels<br>nieuw beleid niet kan worden ge\u00efntroduceered, of het moet in een noodsituatie zijn.<br>In feite mag een demisionair kabinet alleen maar \u2018op het huis passen\u2019.<br><br>Wat schetst dan ook mijn verbazing, en niet alleen van mij: op 11 juni jl. werd toch de<br>Emancipatienota <strong>\u2018Veilig Meedoen\u2018<\/strong> van staatsecretaris Emancipatie, Mari\u00eblle Paul, naar de Kamer<br>gezonden. Uiteraard was die nota geruime tijd voorbereid en stond hij al op de tweede kamer<br>agenda gepland v\u00f3\u00f3r op 3 juni het kabinet viel, maar toch.<\/p>\n\n\n\n<p>Maandag 16 januari 2025 vond er een spoedvergadering plaats van de 90 organisaties verenigd in<br>het Netwerk van het VN Vrouwenverdrag (CEDAW= Convention on the Elimination of Discrimination<br>Agains Women), waar ik als uw voorzitter ook zitting in heb. Waar ik ook trouw iedere maand bij ben.<br>Wie tijd had voor de vergadering via zoom kwam online, wie verhinderd was, stuurde gedachten en<br>opmerkingen over de situatie naar het bestuur van het VN Vrouwenverdrag Netwerk.<br><br>Na enige discussie, maar juist ook na vergelijking van het oude emancipatiebeleid (wat momenteel<br>nog vigerend is) van Robert Dijkgraaf (Emancipatie, een opdracht voor ons allen. 2022-2025) met het<br>nieuwe plan Veilig Meedoen, is er de onderstaande brief aan de Tweede Kamer geschreven, waarin<br>wij stellen dat deze emancipatienota <strong>\u2018controversieel\u2019<\/strong> is. Wat in dit geval parlementair betekent<br>\u2018buiten de orde van het normale zaken doen van een demisionair kabinet\u2019.<br>De brief spreekt voor zich. En ja, wat erin genoemd wordt, dat het brede vrouwen maatschappelijk<br>middenveld (civil society) deze keer NIET bevraagd is; niet bij elkaar is geroepen, is ook een bezwaar<br>tegen het beleidsplan Veilig Meedoen. Dat was in het vorige emancipatieplan van Robert Dijkgraag<br>wel uitgebreid gebeurd (zie kader met tekst van pag. 12 van zijn nota)<br><br>Overigens werk ik graag met Mari\u00eblle Paul samen, maar laten we wel wezen haar bewind wordt flink<br>gehinderd door de patriarchale idee\u00ebn van leden van dit \u2013 nu demisionaire &#8211; kabinet. Ik zou graag zelf<br>met Mari\u00eblle naar een oplossing zoeken. Ik weet van mijn gesprek met haar persoonlijk op 12 juni jl.<br>dat zij dat ook zeer zou waarderen.<br><br>Hieronder de brief van het VN Vrouwenverdrag netwerk<br>Verder links naar:<br>\u2022 de emancipatienota \u2018<strong>Veilig Meedoen\u2019<\/strong> van 11 juni 2025<br><mark style=\"background-color:rgba(0, 0, 0, 0);color:#1510e9\" class=\"has-inline-color\">https:\/\/www.rijksoverheid.nl\/documenten\/beleidsnotas\/2025\/06\/11\/bijlage-1-emancipatienota-<br>overzicht-doelen-en-maatregelen<\/mark><br>\u2022 de emancipatienota <strong>2022-2025: Emancipatie, een opdracht voor ons allen<\/strong><br><mark style=\"background-color:rgba(0, 0, 0, 0);color:#1720e0\" class=\"has-inline-color\">https:\/\/open.overheid.nl\/documenten\/ronl-9442234d31a1e83aaed7b1a7dece2205bb92e2fe\/pdf<\/mark><br>\u2022 <strong>CEEDAW7e Nederlandse regeringsrapportage in 2022<\/strong><br><mark style=\"background-color:rgba(0, 0, 0, 0);color:#4d1de9\" class=\"has-inline-color\">https:\/\/tbinternet.ohchr.org\/_layouts\/15\/treatybodyexternal\/Download.aspx?symbolno=CEDAW%2f<br>C%2fNLD%2f7&amp;Lang=en<\/mark><br>\u2022 Schaduwrapportage van Nederlands maatschappelijk middenveld in 2024 (kantekeningen bij<br>7e NL regeringsrapportage)<strong> \u2018Mind the Gap: Addressing Policy Gaps in Women\u2019s Rights\u2019<\/strong><br><mark style=\"background-color:rgba(0, 0, 0, 0);color:#4018e5\" class=\"has-inline-color\">https:\/\/www.vn-vrouwenverdrag.nl\/wp-<br>content\/uploads\/2024\/07\/Shadow_report_Dutch_CEDAW_Network_incl_references-4-July-<br>2024def.pdf<\/mark><br><br><strong>Bij vragen, mail me, of bel me. Ik hoor graag van jullie.<\/strong><\/p>\n\n\n\n<hr class=\"wp-block-separator has-alpha-channel-opacity\"\/>\n\n\n\n<p><\/p>\n\n\n\n<p><\/p>\n\n\n\n<p>==================================================<br><\/p>\n\n\n\n<figure class=\"wp-block-image size-large\"><img loading=\"lazy\" decoding=\"async\" width=\"1024\" height=\"273\" src=\"https:\/\/vrouwenbelangen.nl\/wp-content\/uploads\/2025\/06\/Netrwerk-VN-Vrouwenverdrag-logo-1024x273.jpg\" alt=\"\" class=\"wp-image-283\" srcset=\"https:\/\/vrouwenbelangen.nl\/wp-content\/uploads\/2025\/06\/Netrwerk-VN-Vrouwenverdrag-logo-1024x273.jpg 1024w, https:\/\/vrouwenbelangen.nl\/wp-content\/uploads\/2025\/06\/Netrwerk-VN-Vrouwenverdrag-logo-300x80.jpg 300w, https:\/\/vrouwenbelangen.nl\/wp-content\/uploads\/2025\/06\/Netrwerk-VN-Vrouwenverdrag-logo-768x205.jpg 768w, https:\/\/vrouwenbelangen.nl\/wp-content\/uploads\/2025\/06\/Netrwerk-VN-Vrouwenverdrag-logo.jpg 1282w\" sizes=\"auto, (max-width: 1024px) 100vw, 1024px\" \/><\/figure>\n\n\n\n<p><br>Aan de voorzitter en (plaatsvervangend) leden van de<br>vaste commissie onderwijs, cultuur en wetenschap<br>Tweede Kamer<br><br>Via email: cie.ocw@tweedekamer.nl<br>Betreft: emancipatienota Veilig meedoen!<br>commissiedebat emancipatie woensdag 18 juni 2025<br><br>Den Haag, 16 juni 2025<br><br>Geachte voorzitter en leden van de vaste commissie OCW,<br><br>Op woensdagmiddag 11 juni 2025 is emancipatienota Veilig meedoen! online gezet. Deze<br>timing lijkt samen te hangen met het commissiedebat Emancipatie dat gepland staat voor 18<br>juni aanstaande. Dat een demissionair kabinet een nieuwe emancipatienota publiceert, is<br>uitzonderlijk. Dit suggereert ten onrechte dat het hier om een technisch beleidsstuk gaat,<br>waarbij geen beleidsinhoudelijke keuzes voor de toekomst aan de orde zijn. Het Netwerk<br>VNVrouwenverdrag roept u dan ook op de nota controversieel te verklaren en niet te<br>behandelen in het geplande commissiedebat.<br><br>Het Netwerk wijst er voorts op dat de dialoog met Nederland nog v\u00f3\u00f3r de verkiezingen op de<br>agenda staat van het VN-vrouwenrechtencomit\u00e9 (CEDAW-sessie 92 6-24 oktober 2025). De<br>Nederlandse regeringsdelegatie zal daar, in aanvulling op de regeringsrapportage (2022),<br>uitleg geven over (de resultaten van) het emancipatiebeleid en de implementatie van het<br>VNVrouwenverdrag in het Koninkrijk. Namens 90 organisaties uit het maatschappelijk<br>middenveld heeft het Netwerk VN-Vrouwenverdrag in juli vorig jaar een schaduwrapportage<br>ingediend.<br>Op dit moment legt het Netwerk de laatste hand aan een kort Addendum hierop<br>over recente ontwikkelingen. Hierin staat onder andere dat het consultatieproces rond de nota<br>dit voorjaar zeer beperkt was. Slechts een klein aantal maatschappelijke organisaties,<br>grotendeels met een subsidierelatie met het ministerie, is uitgenodigd om input te leveren.<br>Het merendeel van de eerdergenoemde 90 organisaties, waaronder het Netwerk zelf, is<br>ditmaal niet geraadpleegd.<br><br>De aanbevelingen van het CEDAW-comit\u00e9 die uit deze sessie voortkomen, vormen een<br>belangrijk kader voor toekomstig emancipatiebeleid. Het is aan een nieuw te vormen kabinet<br>om deze aanbevelingen te benutten bij de ontwikkeling van nieuw emancipatiebeleid.<br><br>Kortom zowel staatsrechtelijk en politiek als internationaalrechtelijk alle reden om de vorige<br>week gepubliceerde emancipatienota Veilig meedoen! controversieel te verklaren.<br>Vanzelfsprekend zijn woordvoerders van het Netwerk bereid bovenstaande nader toe te<br>lichten.<br><br>Met vriendelijke groet,<br>Namens het Netwerk VN-Vrouwenverdrag, Leontine Bijleveld<br><mark style=\"background-color:rgba(0, 0, 0, 0);color:#2d1ae5\" class=\"has-inline-color\">schaduwrapportage@gmail.com<\/mark><br><br>=======================================<\/p>\n\n\n\n<p><canvas width=\"1020\" height=\"1442\"><\/canvas><\/p>\n","protected":false},"excerpt":{"rendered":"<p>Het kabinet is gevallen.Op mijn verjaardag 3 juni 2025. Een wat curieus cadeau.Die val maakt de bewindvoerders demisionair, een toestand waarin volgens de parlementaire regelsnieuw beleid niet kan worden ge\u00efntroduceered, of het moet in een noodsituatie zijn.In feite mag een demisionair kabinet alleen maar \u2018op het huis passen\u2019. Wat schetst dan ook mijn verbazing, en [&hellip;]<\/p>\n","protected":false},"author":2,"featured_media":0,"parent":0,"menu_order":0,"comment_status":"closed","ping_status":"closed","template":"","meta":{"footnotes":""},"class_list":["post-281","page","type-page","status-publish","hentry"],"_links":{"self":[{"href":"https:\/\/vrouwenbelangen.nl\/index.php?rest_route=\/wp\/v2\/pages\/281","targetHints":{"allow":["GET"]}}],"collection":[{"href":"https:\/\/vrouwenbelangen.nl\/index.php?rest_route=\/wp\/v2\/pages"}],"about":[{"href":"https:\/\/vrouwenbelangen.nl\/index.php?rest_route=\/wp\/v2\/types\/page"}],"author":[{"embeddable":true,"href":"https:\/\/vrouwenbelangen.nl\/index.php?rest_route=\/wp\/v2\/users\/2"}],"replies":[{"embeddable":true,"href":"https:\/\/vrouwenbelangen.nl\/index.php?rest_route=%2Fwp%2Fv2%2Fcomments&post=281"}],"version-history":[{"count":1,"href":"https:\/\/vrouwenbelangen.nl\/index.php?rest_route=\/wp\/v2\/pages\/281\/revisions"}],"predecessor-version":[{"id":284,"href":"https:\/\/vrouwenbelangen.nl\/index.php?rest_route=\/wp\/v2\/pages\/281\/revisions\/284"}],"wp:attachment":[{"href":"https:\/\/vrouwenbelangen.nl\/index.php?rest_route=%2Fwp%2Fv2%2Fmedia&parent=281"}],"curies":[{"name":"wp","href":"https:\/\/api.w.org\/{rel}","templated":true}]}}